{"id":1505,"date":"2024-05-01T10:27:04","date_gmt":"2024-05-01T10:27:04","guid":{"rendered":"https:\/\/cabjari-malukutengahdiwahai.kejaksaan.go.id\/?page_id=1505"},"modified":"2024-05-01T10:27:58","modified_gmt":"2024-05-01T10:27:58","slug":"profil-cabjari-maluku-tengah-di-wahai","status":"publish","type":"page","link":"https:\/\/cabjari-malukutengahdiwahai.kejaksaan.go.id\/?page_id=1505","title":{"rendered":"Profil Cabjari Maluku Tengah di Wahai"},"content":{"rendered":"\n<div class=\"wp-block-stackable-columns alignwide stk-block-columns stk-block stk-f5554c3 stk-block-background stk--has-background-overlay\" data-block-id=\"f5554c3\"><style>.stk-f5554c3{background-color:#3c2204 !important;background-image:url(https:\/\/cabjari-malukutengahdiwahai.kejaksaan.go.id\/wp-content\/uploads\/2024\/04\/WhatsApp-Image-2024-04-26-at-23.06.10_waifu2x_photo_noise3_scale.png) !important;background-position:center center !important;background-repeat:no-repeat !important;background-size:cover !important;border-top-left-radius:25px !important;border-top-right-radius:25px !important;border-bottom-right-radius:25px !important;border-bottom-left-radius:25px !important;overflow:hidden !important;padding-top:180px !important;padding-right:80px !important;padding-bottom:150px !important;padding-left:80px !important;margin-bottom:0px !important}.stk-f5554c3:before{background-color:#3c2204 !important;opacity:0.3 !important}@media screen and (max-width:767px){.stk-f5554c3{padding-top:100px !important;padding-right:25px !important;padding-bottom:60px !important;padding-left:25px !important}}<\/style><div class=\"stk-row stk-inner-blocks has-text-align-center-tablet has-text-align-center-mobile stk-block-content stk-content-align stk-f5554c3-column alignwide\">\n<div class=\"wp-block-stackable-column stk-block-column stk-column stk-block stk-3f739b8\" data-v=\"4\" data-block-id=\"3f739b8\"><style>.stk-3f739b8-container{margin-top:0px !important;margin-right:0px !important;margin-bottom:0px !important;margin-left:0px !important}<\/style><div class=\"stk-column-wrapper stk-block-column__content stk-container stk-3f739b8-container stk--no-background stk--no-padding\"><div class=\"stk-block-content stk-inner-blocks stk-3f739b8-inner-blocks\">\n\n\n<div class=\"wp-block-stackable-heading stk-block-heading stk-block-heading--v2 stk-block stk-ba93f5b\" id=\"profil-cabjari-maluku-tengah-di-wahai\" data-block-id=\"ba93f5b\"><style>.stk-ba93f5b{max-width:45% !important;margin-bottom:0px !important}.stk-ba93f5b .stk-block-heading__text{font-size:60px !important;color:var(u002du002dtheme-palette-color-8,#ffffff) !important;line-height:1.1em !important}@media screen and (max-width:1023px){.stk-ba93f5b{max-width:100% !important}.stk-ba93f5b .stk-block-heading__text{font-size:40px !important}}@media screen and (max-width:767px){.stk-ba93f5b .stk-block-heading__text{font-size:30px !important}}<\/style><h2 class=\"stk-block-heading__text has-text-color has-palette-color-8-color\">Profil Cabjari Maluku Tengah di Wahai<\/h2><\/div>\n<\/div><\/div><\/div>\n<\/div><\/div>\n\n\n\n<div class=\"wp-block-stackable-spacer stk-block-spacer stk--no-padding stk-block stk-c40b6c0\" data-block-id=\"c40b6c0\"><style>.stk-c40b6c0{height:130px !important}@media screen and (max-width:1023px){.stk-c40b6c0{height:70px !important}}<\/style><\/div>\n\n\n\n<div class=\"wp-block-stackable-columns stk-block-columns stk-block stk-2ef8d74 stk-block-background stk--has-background-overlay\" data-block-id=\"2ef8d74\"><style>.stk-2ef8d74 .stk--block-align-2ef8d74{align-items:center !important}.stk-2ef8d74{background-color:var(--theme-palette-color-7,#FDFDFD) !important;background-image:url(https:\/\/cabjari-malukutengahdiwahai.kejaksaan.go.id\/wp-content\/uploads\/2021\/07\/decorative-shape.svg) !important;margin-bottom:0px !important}.stk-2ef8d74:before{background-color:var(--theme-palette-color-7,#FDFDFD) !important;opacity:0.5 !important}.stk-2ef8d74-column{--stk-column-gap:70px !important;row-gap:50px !important}<\/style><div class=\"stk-row stk-inner-blocks stk--block-align-2ef8d74 stk-block-content stk-content-align stk-2ef8d74-column\">\n<div class=\"wp-block-stackable-column stk-block-column stk-column stk-block stk-b3ddcb3\" data-v=\"4\" data-block-id=\"b3ddcb3\"><style>.stk-b3ddcb3-container{margin-top:0px !important;margin-right:0px !important;margin-bottom:0px !important;margin-left:0px !important}<\/style><div class=\"stk-column-wrapper stk-block-column__content stk-container stk-b3ddcb3-container stk--no-background stk--no-padding\"><div class=\"has-text-align-center-mobile stk-block-content stk-inner-blocks stk-b3ddcb3-inner-blocks\">\n<div class=\"wp-block-stackable-image stk-block-image stk-block stk-fa3ba69\" data-block-id=\"fa3ba69\"><style>.stk-fa3ba69{border-top-left-radius:10px !important;border-top-right-radius:10px !important;border-bottom-right-radius:10px !important;border-bottom-left-radius:10px !important;overflow:hidden !important}<\/style><figure><span class=\"stk-img-wrapper stk-image--shape-stretch\"><img fetchpriority=\"high\" decoding=\"async\" class=\"stk-img wp-image-1490\" src=\"https:\/\/cabjari-malukutengahdiwahai.kejaksaan.go.id\/wp-content\/uploads\/2024\/04\/WhatsApp-Image-2024-04-26-at-23.06.10_waifu2x_photo_noise3_scale.png\" width=\"1644\" height=\"929\" srcset=\"https:\/\/cabjari-malukutengahdiwahai.kejaksaan.go.id\/wp-content\/uploads\/2024\/04\/WhatsApp-Image-2024-04-26-at-23.06.10_waifu2x_photo_noise3_scale.png 1644w, https:\/\/cabjari-malukutengahdiwahai.kejaksaan.go.id\/wp-content\/uploads\/2024\/04\/WhatsApp-Image-2024-04-26-at-23.06.10_waifu2x_photo_noise3_scale-300x170.png 300w, https:\/\/cabjari-malukutengahdiwahai.kejaksaan.go.id\/wp-content\/uploads\/2024\/04\/WhatsApp-Image-2024-04-26-at-23.06.10_waifu2x_photo_noise3_scale-1024x579.png 1024w, https:\/\/cabjari-malukutengahdiwahai.kejaksaan.go.id\/wp-content\/uploads\/2024\/04\/WhatsApp-Image-2024-04-26-at-23.06.10_waifu2x_photo_noise3_scale-768x434.png 768w, https:\/\/cabjari-malukutengahdiwahai.kejaksaan.go.id\/wp-content\/uploads\/2024\/04\/WhatsApp-Image-2024-04-26-at-23.06.10_waifu2x_photo_noise3_scale-1536x868.png 1536w\" sizes=\"(max-width: 1644px) 100vw, 1644px\" \/><\/span><\/figure><\/div>\n<\/div><\/div><\/div>\n\n\n\n<div class=\"wp-block-stackable-column stk-block-column stk-column stk-block stk-425a78d\" data-v=\"4\" data-block-id=\"425a78d\"><style>.stk-425a78d-container{margin-top:0px !important;margin-right:0px !important;margin-bottom:0px !important;margin-left:0px !important}@media screen and (max-width:1023px){.stk-425a78d-container{padding-left:0px !important}}@media screen and (max-width:767px){.stk-425a78d-container{padding-left:0px !important}}<\/style><div class=\"stk-column-wrapper stk-block-column__content stk-container stk-425a78d-container stk--no-background stk--no-padding\"><div class=\"has-text-align-center-mobile stk-block-content stk-inner-blocks stk-425a78d-inner-blocks\">\n<div class=\"wp-block-stackable-heading stk-block-heading stk-block-heading--v2 stk-block stk-cab0231\" id=\"cabang-kejaksaan-negeri-maluku-tengah-di-wahai\" data-block-id=\"cab0231\"><style>.stk-cab0231{margin-bottom:8px !important}.stk-cab0231 .stk-block-heading__text{line-height:1.5em !important;font-weight:800 !important}@media screen and (max-width:1023px){.stk-cab0231 .stk-block-heading__text{font-size:30px !important}}@media screen and (max-width:767px){.stk-cab0231 .stk-block-heading__text{font-size:25px !important}}<\/style><h2 class=\"stk-block-heading__text\">Cabang Kejaksaan Negeri Maluku Tengah di Wahai<\/h2><\/div>\n\n\n\n<p>Kejaksaan Negeri Maluku Tengah memiliki 1 (satu) Cabang Kejaksaan Negeri Maluku Tengah di&nbsp;Wahai&nbsp;yang meliputi Daerah Kekuasaan Pemerintah Kabupaten Maluku Tengah dan Wilayah Hukum Pengadilan Negeri&nbsp;Masohi.<\/p>\n\n\n\n<p>Dari&nbsp;17 Kecamatan, terdapat 6&nbsp;kecamatan&nbsp; yang&nbsp;masuk dalam wilayah&nbsp;hukum&nbsp;Pengadilan&nbsp;Negeri Ambon, sementara 11&nbsp;kecamatan&nbsp;lainnynya berada&nbsp;dalam wilayah hukum Kejaksaan Negeri Maluku Tengah&nbsp;dan Pengadilan Negeri masohi&nbsp;yang ibukota&nbsp;&nbsp;Masohi.<\/p>\n\n\n\n<p>Sebagai Kejari tipe&nbsp;B, Kejaksaan Negeri Maluku Tengah membawahi 1 (satu) Cabjari yaitu, Cabjari Masohi di&nbsp;Wahai&nbsp;dengan daerah hukum meliputi&nbsp;:<\/p>\n\n\n\n<p>\u00fc&nbsp;&nbsp;Kecamatan&nbsp;Seram Utara,<\/p>\n\n\n\n<p>\u00fc&nbsp;&nbsp;Seram Utara Barat,<\/p>\n\n\n\n<p>\u00fc&nbsp;&nbsp;Seram Utara Timur Seti serta<\/p>\n\n\n\n<p>\u00fc&nbsp;&nbsp;Seram Utara Timur Kobi&nbsp;dan<\/p>\n<\/div><\/div><\/div>\n<\/div><\/div>\n\n\n\n<div class=\"wp-block-stackable-spacer stk-block-spacer stk--no-padding stk-block stk-eb974fe\" data-block-id=\"eb974fe\"><style>.stk-eb974fe{height:60px !important}@media screen and (max-width:1023px){.stk-eb974fe{height:70px !important}}<\/style><\/div>\n\n\n\n<div class=\"wp-block-stackable-columns stk-block-columns stk-block stk-74915f7\" data-block-id=\"74915f7\"><style>.stk-74915f7 .stk--block-align-74915f7{align-items:center !important}.stk-74915f7{margin-bottom:0px !important}.stk-74915f7-column{--stk-column-gap:70px !important;row-gap:50px !important}@media screen and (max-width:1023px){.stk-74915f7 .stk--block-align-74915f7{align-items:flex-start !important}}<\/style><div class=\"stk-row stk-inner-blocks stk--block-align-74915f7 stk-block-content stk-content-align stk-74915f7-column\">\n<div class=\"wp-block-stackable-column stk-block-column stk-column stk-block stk-e512f8a\" data-v=\"4\" data-block-id=\"e512f8a\"><style>.stk-e512f8a-container{margin-top:0px !important;margin-right:0px !important;margin-bottom:0px !important;margin-left:0px !important}@media screen and (max-width:1023px){.stk-e512f8a-container{padding-right:0px !important}}@media screen and (max-width:767px){.stk-e512f8a-container{padding-left:0px !important}}<\/style><div class=\"stk-column-wrapper stk-block-column__content stk-container stk-e512f8a-container stk--no-background stk--no-padding\"><div class=\"has-text-align-center-mobile stk-block-content stk-inner-blocks stk-e512f8a-inner-blocks\">\n<p>Kabupaten Maluku Tengah memiliki luas sebesar 275.907 Km\u00b2, terdiri dari wilayah lautan seluas 264.311,43 Km2 atau 95,80% dan daratan seluas 11.595,57 Km2 atau 4,20%, dengan panjang garis pantai 1.256.230 Km. Kabupaten Maluku Tengah berbatasan dengan :<\/p>\n\n\n\n<p>\u2013&nbsp; Sebelah Utara berbatasan dengan Laut Seram<\/p>\n\n\n\n<p>\u2013&nbsp; Sebelah Selatan berbatasan dengan Laut Banda<\/p>\n\n\n\n<p>\u2013&nbsp; Sebelah Barat berbatasan dengan Kabupaten Seram Bagian Barat<\/p>\n\n\n\n<p>\u2013&nbsp; Sebelah Timur berbatasan dengan Kabupaten Seram Bagian Timur<\/p>\n\n\n\n<p>Secara Astronomi, Kabupaten Maluku Tengah terletak diantara 2\u00b030\u2019 LS \u2013 7\u00b030\u2019 LS dan 250\u00b0 BT \u2013 132\u00b030\u2019 BT, dan memiliki jumlah pulau sebanyak 49 buah, dimana yang dihuni sebanyak 14 buah dan yang tidak dihuni sebanyak 35 buah, wilayah daratan yang ada, kecamatan Seram Utara memiliki luas wilayah yang lebih jika dibandingkan dengan kecamatan yang lain kemudian diikuti oleh Kecamatan Amahai, Kecamatan Seram Utara Barat, Kecamatan Seram Utara Timur Kobi dan yang memiliki luas wilayah yang paling kecil yakni Kecamatan Nusalaut<\/p>\n<\/div><\/div><\/div>\n\n\n\n<div class=\"wp-block-stackable-column stk-block-column stk-column stk-block stk-40b0790\" data-v=\"4\" data-block-id=\"40b0790\"><style>.stk-40b0790-container{margin-top:0px !important;margin-right:0px !important;margin-bottom:0px !important;margin-left:0px !important}<\/style><div class=\"stk-column-wrapper stk-block-column__content stk-container stk-40b0790-container stk--no-background stk--no-padding\"><div class=\"has-text-align-center-mobile stk-block-content stk-inner-blocks stk-40b0790-inner-blocks\">\n<div class=\"wp-block-stackable-map stk-block-map stk-block stk-e0c228a\" data-block-id=\"e0c228a\"><style>.stk-e0c228a{border-top-left-radius:10px !important;border-top-right-radius:10px !important;border-bottom-right-radius:10px !important;border-bottom-left-radius:10px !important;overflow:hidden !important}<\/style><iframe\n\t\t\t\t\t\ttitle=\"Embedded content from Google Maps Platform.\"\n\t\t\t\t\t\tsrc=\"https:\/\/maps.google.com\/maps?q=kejaksaan wahai&#038;t=&#038;z=15&#038;ie=UTF8&#038;output=embed\"\n\t\t\t\t\t\tstyle=\"border:0;width:100%;max-width:none;max-height:none;height:100%;\"\n\t\t\t\t\t\taria-hidden=\"false\"\n\t\t\t\t\t\ttabIndex=\"0\"\n\t\t\t\t\t\tallowfullscreen\n\t\t\t\t\t\tloading=\"lazy\"\n\t\t\t\t\t\tframeBorder=\"0\"\n\t\t\t\t\t><\/iframe><\/div>\n<\/div><\/div><\/div>\n<\/div><\/div>\n\n\n\n<div class=\"wp-block-stackable-spacer stk-block-spacer stk--no-padding stk-block stk-d06d64e\" data-block-id=\"d06d64e\"><style>.stk-d06d64e{height:90px !important}@media screen and (max-width:767px){.stk-d06d64e{height:70px !important}}<\/style><\/div>\n","protected":false},"excerpt":{"rendered":"<p>Profil Cabjari Maluku Tengah di Wahai Cabang Kejaksaan Negeri Maluku Tengah di Wahai Kejaksaan Negeri Maluku Tengah memiliki 1 (satu) Cabang Kejaksaan Negeri Maluku Tengah di&nbsp;Wahai&nbsp;yang meliputi Daerah Kekuasaan Pemerintah Kabupaten Maluku Tengah dan Wilayah Hukum Pengadilan Negeri&nbsp;Masohi. Dari&nbsp;17 Kecamatan, terdapat 6&nbsp;kecamatan&nbsp; yang&nbsp;masuk dalam wilayah&nbsp;hukum&nbsp;Pengadilan&nbsp;Negeri Ambon, sementara 11&nbsp;kecamatan&nbsp;lainnynya berada&nbsp;dalam wilayah hukum Kejaksaan Negeri Maluku Tengah&nbsp;dan [&hellip;]<\/p>\n","protected":false},"author":1,"featured_media":0,"parent":0,"menu_order":0,"comment_status":"closed","ping_status":"closed","template":"","meta":{"_monsterinsights_skip_tracking":false,"_monsterinsights_sitenote_active":false,"_monsterinsights_sitenote_note":"","_monsterinsights_sitenote_category":0,"footnotes":""},"class_list":["post-1505","page","type-page","status-publish","hentry"],"blocksy_meta":{"styles_descriptor":{"styles":{"desktop":"","tablet":"","mobile":""},"google_fonts":[],"version":6},"page_title_panel":"","has_hero_section":"disabled","294979639cc4286d28eae158a43f7c26":"","hero_section":"type-1","hero_elements":[{"id":"custom_title","enabled":true,"heading_tag":"h1","title":"Home"},{"id":"custom_description","enabled":true,"description_visibility":{"desktop":true,"tablet":true,"mobile":false}},{"id":"custom_meta","enabled":false,"meta_elements":[{"id":"author","enabled":true,"label":"By","has_author_avatar":"yes","avatar_size":25},{"id":"post_date","enabled":true,"label":"On","date_format_source":"default","date_format":"M j, Y"},{"id":"updated_date","enabled":false,"label":"On","date_format_source":"default","date_format":"M j, Y"},{"id":"categories","enabled":false,"label":"In","style":"simple"},{"id":"comments","enabled":true}],"page_meta_elements":{"joined":true,"articles_count":true,"comments":true}},{"id":"breadcrumbs","enabled":false}],"f795a2c8e66fb0c250759672a0f1fc4d":"","hero_alignment1":"CT_CSS_SKIP_RULE","hero_margin":40,"hero_alignment2":"center","hero_vertical_alignment":"center","224af4523163a59eacb4a1d275a3bf87":"","hero_structure":"narrow","6f6f64ffae7cd08881ad205e1eb06834":"","page_title_bg_type":"featured_image","custom_hero_background":{"attachment_id":null},"parallax":{"desktop":false,"tablet":false,"mobile":false},"7f36a2d4f5b0303e619ebae4d72a9ccb":"","hero_height":"250px","pageTitleFont":{"family":"Default","variation":"Default","size":"30px","line-height":"CT_CSS_SKIP_RULE","letter-spacing":"CT_CSS_SKIP_RULE","text-transform":"CT_CSS_SKIP_RULE","text-decoration":"CT_CSS_SKIP_RULE"},"pageTitleFontColor":{"default":{"color":"CT_CSS_SKIP_RULEDEFAULT"}},"pageMetaFont":{"family":"Default","variation":"n6","size":"12px","line-height":"1.3","letter-spacing":"CT_CSS_SKIP_RULE","text-transform":"uppercase","text-decoration":"CT_CSS_SKIP_RULE"},"pageMetaFontColor":{"default":{"color":"CT_CSS_SKIP_RULEDEFAULT"},"hover":{"color":"CT_CSS_SKIP_RULEDEFAULT"}},"page_meta_button_type_font_colors":{"default":{"color":"CT_CSS_SKIP_RULEDEFAULT"},"hover":{"color":"CT_CSS_SKIP_RULEDEFAULT"}},"page_meta_button_type_background_colors":{"default":{"color":"CT_CSS_SKIP_RULEDEFAULT"},"hover":{"color":"CT_CSS_SKIP_RULEDEFAULT"}},"pageExcerptFont":{"family":"Default","variation":"Default","size":"CT_CSS_SKIP_RULE","line-height":"CT_CSS_SKIP_RULE","letter-spacing":"CT_CSS_SKIP_RULE","text-transform":"CT_CSS_SKIP_RULE","text-decoration":"CT_CSS_SKIP_RULE"},"pageExcerptColor":{"default":{"color":"CT_CSS_SKIP_RULEDEFAULT"}},"breadcrumbsFont":{"family":"Default","variation":"Default","size":"CT_CSS_SKIP_RULE","line-height":"CT_CSS_SKIP_RULE","letter-spacing":"CT_CSS_SKIP_RULE","text-transform":"CT_CSS_SKIP_RULE","text-decoration":"CT_CSS_SKIP_RULE"},"breadcrumbsFontColor":{"default":{"color":"CT_CSS_SKIP_RULEDEFAULT"},"initial":{"color":"CT_CSS_SKIP_RULEDEFAULT"},"hover":{"color":"CT_CSS_SKIP_RULEDEFAULT"}},"pageTitleOverlay":{"background_type":"color","background_pattern":"type-1","background_image":{"attachment_id":null,"x":0,"y":0},"gradient":"linear-gradient(135deg,rgba(6,147,227,1) 0%,rgb(155,81,224) 100%)","background_repeat":"repeat","background_size":"auto","background_attachment":"scroll","patternColor":{"default":{"color":"#e5e7ea"}},"overlayColor":{"default":{"color":"CT_CSS_SKIP_RULE"}},"backgroundColor":{"default":{"color":"CT_CSS_SKIP_RULE"}}},"pageTitleBackground":{"background_type":"color","background_pattern":"type-1","background_image":{"attachment_id":null,"x":0,"y":0},"gradient":"linear-gradient(135deg,rgba(6,147,227,1) 0%,rgb(155,81,224) 100%)","background_repeat":"repeat","background_size":"auto","background_attachment":"scroll","patternColor":{"default":{"color":"#e5e7ea"}},"overlayColor":{"default":{"color":"CT_CSS_SKIP_RULE"}},"backgroundColor":{"default":{"color":"var(--theme-palette-color-6)"}}},"pageTitlePadding":{"top":"50px","bottom":"50px","left":"auto","right":"auto","linked":true},"ecb05450eb56f8c06b73e9fbf72614df":"","page_structure_type":"default","e7aa1f7981176862d4333be841e9d951":"","content_style_source":"inherit","content_style":"wide","vertical_spacing_source":"custom","content_area_spacing":"none","background":{"background_type":"color","background_pattern":"type-1","background_image":{"attachment_id":null,"x":0,"y":0},"gradient":"linear-gradient(135deg,rgba(6,147,227,1) 0%,rgb(155,81,224) 100%)","background_repeat":"repeat","background_size":"auto","background_attachment":"scroll","patternColor":{"default":{"color":"#e5e7ea"}},"overlayColor":{"default":{"color":"CT_CSS_SKIP_RULE"}},"backgroundColor":{"default":{"color":"CT_CSS_SKIP_RULE"}}},"content_background":{"background_type":"color","background_pattern":"type-1","background_image":{"attachment_id":null,"x":0,"y":0},"gradient":"linear-gradient(135deg,rgba(6,147,227,1) 0%,rgb(155,81,224) 100%)","background_repeat":"repeat","background_size":"auto","background_attachment":"scroll","patternColor":{"default":{"color":"#e5e7ea"}},"overlayColor":{"default":{"color":"CT_CSS_SKIP_RULE"}},"backgroundColor":{"default":{"color":"var(--theme-palette-color-8)"}}},"content_boxed_shadow":{"inherit":false,"blur":18,"spread":-6,"v_offset":12,"h_offset":0,"inset":false,"enable":true,"color":{"color":"rgba(34, 56, 101, 0.04)"}},"boxed_content_spacing":{"desktop":{"top":"40px","bottom":"40px","left":"40px","right":"40px","linked":true},"tablet":{"top":"35px","bottom":"35px","left":"35px","right":"35px","linked":true},"mobile":{"top":"20px","bottom":"20px","left":"20px","right":"20px","linked":true}},"content_boxed_radius":{"top":"3px","bottom":"3px","left":"3px","right":"3px","linked":true},"a2b24154c7f352ae218f2cf40c3fb3f9":"","disable_featured_image":"no","disable_share_box":"no","disable_header":"no","disable_footer":"no"},"aioseo_notices":[],"featured_image_urls":{"full":"","thumbnail":"","medium":"","medium_large":"","large":"","1536x1536":"","2048x2048":""},"post_excerpt_stackable":"<p>Profil Cabjari Maluku Tengah di Wahai Cabang Kejaksaan Negeri Maluku Tengah di Wahai Kejaksaan Negeri Maluku Tengah memiliki 1 (satu) Cabang Kejaksaan Negeri Maluku Tengah di&nbsp;Wahai&nbsp;yang meliputi Daerah Kekuasaan Pemerintah Kabupaten Maluku Tengah dan Wilayah Hukum Pengadilan Negeri&nbsp;Masohi. Dari&nbsp;17 Kecamatan, terdapat 6&nbsp;kecamatan&nbsp; yang&nbsp;masuk dalam wilayah&nbsp;hukum&nbsp;Pengadilan&nbsp;Negeri Ambon, sementara 11&nbsp;kecamatan&nbsp;lainnynya berada&nbsp;dalam wilayah hukum Kejaksaan Negeri Maluku Tengah&nbsp;dan Pengadilan Negeri masohi&nbsp;yang ibukota&nbsp;&nbsp;Masohi. Sebagai Kejari tipe&nbsp;B, Kejaksaan Negeri Maluku Tengah membawahi 1 (satu) Cabjari yaitu, Cabjari Masohi di&nbsp;Wahai&nbsp;dengan daerah hukum meliputi&nbsp;: \u00fc&nbsp;&nbsp;Kecamatan&nbsp;Seram Utara, \u00fc&nbsp;&nbsp;Seram Utara Barat, \u00fc&nbsp;&nbsp;Seram Utara Timur Seti serta \u00fc&nbsp;&nbsp;Seram Utara Timur Kobi&nbsp;dan Kabupaten Maluku Tengah memiliki luas sebesar 275.907 Km\u00b2, terdiri&hellip;<\/p>\n","category_list":"","author_info":{"name":"admin","url":"https:\/\/cabjari-malukutengahdiwahai.kejaksaan.go.id\/?author=1"},"comments_num":"0 comments","_links":{"self":[{"href":"https:\/\/cabjari-malukutengahdiwahai.kejaksaan.go.id\/index.php?rest_route=\/wp\/v2\/pages\/1505","targetHints":{"allow":["GET"]}}],"collection":[{"href":"https:\/\/cabjari-malukutengahdiwahai.kejaksaan.go.id\/index.php?rest_route=\/wp\/v2\/pages"}],"about":[{"href":"https:\/\/cabjari-malukutengahdiwahai.kejaksaan.go.id\/index.php?rest_route=\/wp\/v2\/types\/page"}],"author":[{"embeddable":true,"href":"https:\/\/cabjari-malukutengahdiwahai.kejaksaan.go.id\/index.php?rest_route=\/wp\/v2\/users\/1"}],"replies":[{"embeddable":true,"href":"https:\/\/cabjari-malukutengahdiwahai.kejaksaan.go.id\/index.php?rest_route=%2Fwp%2Fv2%2Fcomments&post=1505"}],"version-history":[{"count":2,"href":"https:\/\/cabjari-malukutengahdiwahai.kejaksaan.go.id\/index.php?rest_route=\/wp\/v2\/pages\/1505\/revisions"}],"predecessor-version":[{"id":1507,"href":"https:\/\/cabjari-malukutengahdiwahai.kejaksaan.go.id\/index.php?rest_route=\/wp\/v2\/pages\/1505\/revisions\/1507"}],"wp:attachment":[{"href":"https:\/\/cabjari-malukutengahdiwahai.kejaksaan.go.id\/index.php?rest_route=%2Fwp%2Fv2%2Fmedia&parent=1505"}],"curies":[{"name":"wp","href":"https:\/\/api.w.org\/{rel}","templated":true}]}}